{"id":9362,"date":"2024-02-09T11:46:42","date_gmt":"2024-02-09T11:46:42","guid":{"rendered":"https:\/\/pabloburgosbosch.com\/?page_id=9362"},"modified":"2024-02-14T09:02:12","modified_gmt":"2024-02-14T09:02:12","slug":"sobre-mi","status":"publish","type":"page","link":"https:\/\/pabloburgosbosch.com\/en\/sobre-mi","title":{"rendered":"Sobre m\u00ed"},"content":{"rendered":"<div data-elementor-type=\"wp-page\" data-elementor-id=\"9362\" class=\"elementor elementor-9362\">\n\t\t\t\t\t\t\t\t\t<section class=\"elementor-section elementor-top-section elementor-element elementor-element-907ce92 elementor-section-full_width elementor-section-height-default elementor-section-height-default qodef-elementor-content-no\" data-id=\"907ce92\" data-element_type=\"section\" data-settings=\"{&quot;background_background&quot;:&quot;classic&quot;}\">\n\t\t\t\t\t\t<div class=\"elementor-container elementor-column-gap-narrow\">\n\t\t\t\t\t<div class=\"elementor-column elementor-col-33 elementor-top-column elementor-element elementor-element-ab21fdf elementor-hidden-tablet\" data-id=\"ab21fdf\" data-element_type=\"column\">\n\t\t\t<div class=\"elementor-widget-wrap elementor-element-populated\">\n\t\t\t\t\t\t\t\t<div class=\"elementor-element elementor-element-e4263d1 elementor-widget elementor-widget-text-editor\" data-id=\"e4263d1\" data-element_type=\"widget\" data-widget_type=\"text-editor.default\">\n\t\t\t\t<div class=\"elementor-widget-container\">\n\t\t\t<style>\/*! elementor - v3.13.3 - 28-05-2023 *\/\n.elementor-widget-text-editor.elementor-drop-cap-view-stacked .elementor-drop-cap{background-color:#69727d;color:#fff}.elementor-widget-text-editor.elementor-drop-cap-view-framed .elementor-drop-cap{color:#69727d;border:3px solid;background-color:transparent}.elementor-widget-text-editor:not(.elementor-drop-cap-view-default) .elementor-drop-cap{margin-top:8px}.elementor-widget-text-editor:not(.elementor-drop-cap-view-default) .elementor-drop-cap-letter{width:1em;height:1em}.elementor-widget-text-editor .elementor-drop-cap{float:left;text-align:center;line-height:1;font-size:50px}.elementor-widget-text-editor .elementor-drop-cap-letter{display:inline-block}<\/style>\t\t\t\t<h3 style=\"color: #fff;\">PASSION<\/h3>\n<p style=\"color: #ddd;\">My passion has always been telling stories. They fly through my head and appear on a piece of paper, which multiplies day after day until it becomes a script.<\/p>\t\t\t\t\t\t<\/div>\n\t\t\t\t<\/div>\n\t\t\t\t\t<\/div>\n\t\t<\/div>\n\t\t\t\t<div class=\"elementor-column elementor-col-33 elementor-top-column elementor-element elementor-element-73ed702 elementor-hidden-tablet\" data-id=\"73ed702\" data-element_type=\"column\">\n\t\t\t<div class=\"elementor-widget-wrap elementor-element-populated\">\n\t\t\t\t\t\t\t\t<div class=\"elementor-element elementor-element-4b560ae elementor-widget elementor-widget-text-editor\" data-id=\"4b560ae\" data-element_type=\"widget\" data-widget_type=\"text-editor.default\">\n\t\t\t\t<div class=\"elementor-widget-container\">\n\t\t\t\t\t\t\t<h3 style=\"color: #fff;\">LAND<\/h3>\n<p style=\"color: #ddd;\">I like drama and comedy and my playground is planet Earth. I write about characters who live in Madrid, Kinshasa, Cartagena de Indias or San Francisco. Stories for an international audience.<\/p>\t\t\t\t\t\t<\/div>\n\t\t\t\t<\/div>\n\t\t\t\t\t<\/div>\n\t\t<\/div>\n\t\t\t\t<div class=\"elementor-column elementor-col-33 elementor-top-column elementor-element elementor-element-5b2f285\" data-id=\"5b2f285\" data-element_type=\"column\">\n\t\t\t<div class=\"elementor-widget-wrap elementor-element-populated\">\n\t\t\t\t\t\t\t\t<div class=\"elementor-element elementor-element-37604e9 elementor-widget elementor-widget-text-editor\" data-id=\"37604e9\" data-element_type=\"widget\" data-widget_type=\"text-editor.default\">\n\t\t\t\t<div class=\"elementor-widget-container\">\n\t\t\t\t\t\t\t<h3 style=\"color: #fff;\">PROJECTS<\/h3>\n<p style=\"color: #ddd;\">I have five finished scripts and four more in the initial phase. Three are television series projects. If you are interested in talking about any of them, write to me and I will be happy to share them with you. I also accept orders.<\/p>\t\t\t\t\t\t<\/div>\n\t\t\t\t<\/div>\n\t\t\t\t\t<\/div>\n\t\t<\/div>\n\t\t\t\t\t\t\t<\/div>\n\t\t<\/section>\n\t\t\t\t<section class=\"elementor-section elementor-top-section elementor-element elementor-element-3538a57 elementor-section-full_width elementor-section-height-default elementor-section-height-default qodef-elementor-content-no\" data-id=\"3538a57\" data-element_type=\"section\">\n\t\t\t\t\t\t<div class=\"elementor-container elementor-column-gap-no\">\n\t\t\t\t\t<div class=\"elementor-column elementor-col-100 elementor-top-column elementor-element elementor-element-2c6905a\" data-id=\"2c6905a\" data-element_type=\"column\">\n\t\t\t<div class=\"elementor-widget-wrap elementor-element-populated\">\n\t\t\t\t\t\t\t\t<div class=\"elementor-element elementor-element-8dc8fe5 elementor-widget__width-initial elementor-widget elementor-widget-coppola_core_section_title\" data-id=\"8dc8fe5\" data-element_type=\"widget\" data-widget_type=\"coppola_core_section_title.default\">\n\t\t\t\t<div class=\"elementor-widget-container\">\n\t\t\t<div class=\"qodef-shortcode qodef-m  qodef-section-title qodef-alignment--left\">\n\t\t\t<h1 class=\"qodef-m-title\" style=\"color: #FFFFFF\">\n\t\t\t\t\tPABLO <span class=\"qodef-e-custom-color\" style=\"color: #EAA57F\">BURGOS-BOSCH<\/span>\t\t\t<\/h1>\n\t\t<p class=\"qodef-m-text\" style=\"margin-top: 40px;color: #FFFFFF\">Screenwriter, director and producer. After several years as Creative Director in large advertising agencies such as AD Washington Olivetto, Slogan Arnold, Delvico Bates, Atletico or Draft, 7 years ago I also began to focus on the world of fiction.\n\nMy first documentary, \"LIVING WITH GAUD\u00cd\" was acquired by Netflix for all of Europe. \n <\/p>\n\t\t<p class=\"qodef-m-button\" style=\"margin-top: 30px\">\n\t\t<a class=\"qodef-shortcode qodef-m  qodef-button qodef-layout--outlined  qodef-skin--light qodef-html--link\" href=\"https:\/\/pabloburgosbosch.com\/en\/contacto\/\" target=\"_self\"  >\t<span class=\"qodef-m-text\">CONTACT<\/span><\/a>\t<\/p>\n<\/div>\n\t\t<\/div>\n\t\t\t\t<\/div>\n\t\t\t\t\t<\/div>\n\t\t<\/div>\n\t\t\t\t\t\t\t<\/div>\n\t\t<\/section>\n\t\t\t\t<section class=\"elementor-section elementor-top-section elementor-element elementor-element-b800259 elementor-section-full_width elementor-section-height-default elementor-section-height-default qodef-elementor-content-no\" data-id=\"b800259\" data-element_type=\"section\">\n\t\t\t\t\t\t<div class=\"elementor-container elementor-column-gap-no\">\n\t\t\t\t\t<div class=\"elementor-column elementor-col-100 elementor-top-column elementor-element elementor-element-f90a2ff\" data-id=\"f90a2ff\" data-element_type=\"column\">\n\t\t\t<div class=\"elementor-widget-wrap elementor-element-populated\">\n\t\t\t\t\t\t\t\t<div class=\"elementor-element elementor-element-8c1b5f9 elementor-widget__width-initial elementor-widget elementor-widget-coppola_core_section_title\" data-id=\"8c1b5f9\" data-element_type=\"widget\" data-widget_type=\"coppola_core_section_title.default\">\n\t\t\t\t<div class=\"elementor-widget-container\">\n\t\t\t<div class=\"qodef-shortcode qodef-m  qodef-section-title qodef-alignment--left\">\n\t\t\t\t<p class=\"qodef-m-text\" style=\"margin-top: 0px;color: #FFFFFF\">You can download my Curriculum Vitae here.<\/p>\n\t\t<p class=\"qodef-m-button\" style=\"margin-top: 30px\">\n\t\t<a class=\"qodef-shortcode qodef-m  qodef-button qodef-layout--outlined  qodef-skin--light qodef-html--link\" href=\"https:\/\/pabloburgosbosch.com\/wp-content\/uploads\/2024\/02\/cv_pabloburgosbosch.pdf\" target=\"_blank\"  >\t<span class=\"qodef-m-text\">CV Pablo Burgos-Bosch<\/span><\/a>\t<\/p>\n<\/div>\n\t\t<\/div>\n\t\t\t\t<\/div>\n\t\t\t\t\t<\/div>\n\t\t<\/div>\n\t\t\t\t\t\t\t<\/div>\n\t\t<\/section>\n\t\t\t\t\t\t\t<\/div>","protected":false},"excerpt":{"rendered":"<p>PASI\u00d3N Mi pasi\u00f3n siempre ha sido contar historias. Vuelan por mi cabeza y aparecen en un papel, que se va multiplicando d\u00eda tras d\u00eda hasta convertirse en un gui\u00f3n. TIERRA Me gusta el drama y la comedia y mi terreno de juego es el planeta tierra. Escribo sobre personajes que viven en Madrid, Kinshasa, Cartagena [&hellip;]<\/p>\n","protected":false},"author":1,"featured_media":0,"parent":0,"menu_order":0,"comment_status":"closed","ping_status":"closed","template":"page-full-width.php","meta":{"_monsterinsights_skip_tracking":false,"_monsterinsights_sitenote_active":false,"_monsterinsights_sitenote_note":"","_monsterinsights_sitenote_category":0,"footnotes":""},"class_list":["post-9362","page","type-page","status-publish","hentry"],"_links":{"self":[{"href":"https:\/\/pabloburgosbosch.com\/en\/wp-json\/wp\/v2\/pages\/9362","targetHints":{"allow":["GET"]}}],"collection":[{"href":"https:\/\/pabloburgosbosch.com\/en\/wp-json\/wp\/v2\/pages"}],"about":[{"href":"https:\/\/pabloburgosbosch.com\/en\/wp-json\/wp\/v2\/types\/page"}],"author":[{"embeddable":true,"href":"https:\/\/pabloburgosbosch.com\/en\/wp-json\/wp\/v2\/users\/1"}],"replies":[{"embeddable":true,"href":"https:\/\/pabloburgosbosch.com\/en\/wp-json\/wp\/v2\/comments?post=9362"}],"version-history":[{"count":37,"href":"https:\/\/pabloburgosbosch.com\/en\/wp-json\/wp\/v2\/pages\/9362\/revisions"}],"predecessor-version":[{"id":9457,"href":"https:\/\/pabloburgosbosch.com\/en\/wp-json\/wp\/v2\/pages\/9362\/revisions\/9457"}],"wp:attachment":[{"href":"https:\/\/pabloburgosbosch.com\/en\/wp-json\/wp\/v2\/media?parent=9362"}],"curies":[{"name":"wp","href":"https:\/\/api.w.org\/{rel}","templated":true}]}}